{"id":36457,"date":"2024-10-14T11:46:39","date_gmt":"2024-10-14T15:46:39","guid":{"rendered":"https:\/\/mtlecommerce.com\/politique-de-confidentialite-2\/"},"modified":"2024-10-14T15:32:07","modified_gmt":"2024-10-14T19:32:07","slug":"politique-de-confidentialite-cookie","status":"publish","type":"page","link":"https:\/\/mtlecommerce.com\/fr\/politique-de-confidentialite-cookie\/","title":{"rendered":"Politique de Confidentialit\u00e9"},"content":{"rendered":"\t\t<div data-elementor-type=\"wp-page\" data-elementor-id=\"36457\" class=\"elementor elementor-36457 elementor-36368\" data-elementor-post-type=\"page\">\n\t\t\t\t\t\t<section class=\"elementor-section elementor-top-section elementor-element elementor-element-9f67a62 elementor-section-boxed elementor-section-height-default elementor-section-height-default\" data-id=\"9f67a62\" data-element_type=\"section\" data-e-type=\"section\" data-settings=\"{&quot;background_background&quot;:&quot;classic&quot;}\">\n\t\t\t\t\t\t<div class=\"elementor-container elementor-column-gap-default\">\n\t\t\t\t\t<div class=\"elementor-column elementor-col-100 elementor-top-column elementor-element elementor-element-d0a212b\" data-id=\"d0a212b\" data-element_type=\"column\" data-e-type=\"column\">\n\t\t\t<div class=\"elementor-widget-wrap elementor-element-populated\">\n\t\t\t\t\t\t<div class=\"elementor-element elementor-element-702d0e79 elementor-widget elementor-widget-text-editor\" data-id=\"702d0e79\" data-element_type=\"widget\" data-e-type=\"widget\" data-widget_type=\"text-editor.default\">\n\t\t\t\t<div class=\"elementor-widget-container\">\n\t\t\t\t\t\t\t\t\t<h1><span style=\"color: #ffffff;\">Politique de Confidentialit\u00e9<\/span><\/h1>\r\n<span style=\"color: #ffffff;\">Derni\u00e8re mise \u00e0 jour : 4 octobre 2021<\/span>\r\n\r\n<span style=\"color: #ffffff;\">INNOVATION eCommerce s&rsquo;engage \u00e0 prot\u00e9ger votre vie priv\u00e9e. Contactez-nous \u00e0 hello@mtlecommerce.com si vous avez des questions ou des probl\u00e8mes concernant l&rsquo;utilisation de vos Donn\u00e9es Personnelles et nous serons heureux de vous aider. Nous voulons que vous sachiez comment nous collectons, utilisons, partageons, divulguons et prot\u00e9geons les informations vous concernant. En utilisant ce site et\/ou nos services, vous consentez au Traitement de vos Donn\u00e9es Personnelles tel que d\u00e9crit dans cette Politique de Confidentialit\u00e9. Nous pouvons modifier ou ajouter des \u00e9l\u00e9ments \u00e0 cette Politique de Confidentialit\u00e9, nous vous encourageons donc \u00e0 la consulter p\u00e9riodiquement.<\/span>\r\n<h2><span style=\"color: #ffffff;\">Table des mati\u00e8res<\/span><\/h2>\r\n<ol>\r\n \t<li><span style=\"color: #ffffff;\">D\u00e9finitions utilis\u00e9es dans cette Politique<\/span><\/li>\r\n \t<li><span style=\"color: #ffffff;\">Principes de protection des donn\u00e9es que nous suivons<\/span><\/li>\r\n \t<li><span style=\"color: #ffffff;\">Quels sont vos droits concernant vos Donn\u00e9es Personnelles<\/span><\/li>\r\n \t<li><span style=\"color: #ffffff;\">Quelles Donn\u00e9es Personnelles nous recueillons \u00e0 votre sujet<\/span><\/li>\r\n \t<li><span style=\"color: #ffffff;\">Comment nous utilisons vos Donn\u00e9es Personnelles<\/span><\/li>\r\n \t<li><span style=\"color: #ffffff;\">Qui d&rsquo;autre a acc\u00e8s \u00e0 vos Donn\u00e9es Personnelles<\/span><\/li>\r\n \t<li><span style=\"color: #ffffff;\">Comment nous s\u00e9curisons vos donn\u00e9es<\/span><\/li>\r\n \t<li><span style=\"color: #ffffff;\">Informations sur les cookies<\/span><\/li>\r\n \t<li><span style=\"color: #ffffff;\">Coordonn\u00e9es<\/span><\/li>\r\n<\/ol>\r\n<h2><span style=\"color: #ffffff;\">1. D\u00e9finitions<\/span><\/h2>\r\n<ul>\r\n \t<li><span style=\"color: #ffffff;\"><strong>Donn\u00e9es Personnelles<\/strong> \u2013 toute information se rapportant \u00e0 une personne physique identifi\u00e9e ou identifiable.<\/span><\/li>\r\n \t<li><span style=\"color: #ffffff;\"><strong>Traitement<\/strong> \u2013 toute op\u00e9ration ou ensemble d&rsquo;op\u00e9rations effectu\u00e9es sur des Donn\u00e9es Personnelles ou sur des ensembles de Donn\u00e9es Personnelles.<\/span><\/li>\r\n \t<li><span style=\"color: #ffffff;\"><strong>Personne Concern\u00e9e<\/strong> \u2013 une personne physique dont les Donn\u00e9es Personnelles sont en cours de Traitement.<\/span><\/li>\r\n \t<li><span style=\"color: #ffffff;\"><strong>Enfant<\/strong> \u2013 une personne physique \u00e2g\u00e9e de moins de 16 ans.<\/span><\/li>\r\n \t<li><span style=\"color: #ffffff;\"><strong>Nous\/notre<\/strong> (avec ou sans majuscule) \u2013 INNOVATION eCommerce<\/span><\/li>\r\n<\/ul>\r\n<h2><span style=\"color: #ffffff;\">2. Principes de protection des donn\u00e9es<\/span><\/h2>\r\n<span style=\"color: #ffffff;\">Nous nous engageons \u00e0 respecter les principes de protection des donn\u00e9es suivants :<\/span>\r\n<ul>\r\n \t<li><span style=\"color: #ffffff;\">Le Traitement est licite, loyal et transparent.<\/span><\/li>\r\n \t<li><span style=\"color: #ffffff;\">Le Traitement est limit\u00e9 aux finalit\u00e9s.<\/span><\/li>\r\n \t<li><span style=\"color: #ffffff;\">Le Traitement est effectu\u00e9 avec un minimum de donn\u00e9es.<\/span><\/li>\r\n \t<li><span style=\"color: #ffffff;\">Le Traitement est limit\u00e9 dans le temps.<\/span><\/li>\r\n \t<li><span style=\"color: #ffffff;\">Nous ferons de notre mieux pour assurer l&rsquo;exactitude des donn\u00e9es.<\/span><\/li>\r\n \t<li><span style=\"color: #ffffff;\">Nous ferons de notre mieux pour assurer l&rsquo;int\u00e9grit\u00e9 et la confidentialit\u00e9 des donn\u00e9es.<\/span><\/li>\r\n<\/ul>\r\n<h2><span style=\"color: #ffffff;\">3. Droits de la Personne Concern\u00e9e<\/span><\/h2>\r\n<span style=\"color: #ffffff;\">La Personne Concern\u00e9e a les droits suivants :<\/span>\r\n<ul>\r\n \t<li><span style=\"color: #ffffff;\">Droit \u00e0 l&rsquo;information<\/span><\/li>\r\n \t<li><span style=\"color: #ffffff;\">Droit d&rsquo;acc\u00e8s<\/span><\/li>\r\n \t<li><span style=\"color: #ffffff;\">Droit de rectification<\/span><\/li>\r\n \t<li><span style=\"color: #ffffff;\">Droit \u00e0 l&rsquo;effacement<\/span><\/li>\r\n \t<li><span style=\"color: #ffffff;\">Droit \u00e0 la limitation du Traitement<\/span><\/li>\r\n \t<li><span style=\"color: #ffffff;\">Droit d&rsquo;opposition au Traitement<\/span><\/li>\r\n \t<li><span style=\"color: #ffffff;\">Droit d&rsquo;opposition au Traitement automatis\u00e9<\/span><\/li>\r\n \t<li><span style=\"color: #ffffff;\">Droit \u00e0 la portabilit\u00e9 des donn\u00e9es<\/span><\/li>\r\n \t<li><span style=\"color: #ffffff;\">Droit d&rsquo;introduire une r\u00e9clamation<\/span><\/li>\r\n \t<li><span style=\"color: #ffffff;\">Droit \u00e0 l&rsquo;assistance d&rsquo;une autorit\u00e9 de contr\u00f4le<\/span><\/li>\r\n \t<li><span style=\"color: #ffffff;\">Droit de retirer son consentement<\/span><\/li>\r\n<\/ul>\r\n<h2><span style=\"color: #ffffff;\">4. Donn\u00e9es Personnelles que nous recueillons<\/span><\/h2>\r\n<span style=\"color: #ffffff;\">INNOVATION eCommerce peut obtenir les types d&rsquo;informations suivants :<\/span>\r\n<ul>\r\n \t<li><span style=\"color: #ffffff;\">Nom<\/span><\/li>\r\n \t<li><span style=\"color: #ffffff;\">Adresse e-mail<\/span><\/li>\r\n \t<li><span style=\"color: #ffffff;\">Adresse postale<\/span><\/li>\r\n \t<li><span style=\"color: #ffffff;\">Num\u00e9ro(s) de t\u00e9l\u00e9phone (fixe ou mobile)<\/span><\/li>\r\n \t<li><span style=\"color: #ffffff;\">Informations de carte de cr\u00e9dit\/d\u00e9bit<\/span><\/li>\r\n \t<li><span style=\"color: #ffffff;\">URL de blog ou de site web<\/span><\/li>\r\n \t<li><span style=\"color: #ffffff;\">Identifiant ou nom d&rsquo;utilisateur sur les r\u00e9seaux sociaux<\/span><\/li>\r\n \t<li><span style=\"color: #ffffff;\">Photo<\/span><\/li>\r\n \t<li><span style=\"color: #ffffff;\">Informations d\u00e9mographiques<\/span><\/li>\r\n \t<li><span style=\"color: #ffffff;\">Titre professionnel<\/span><\/li>\r\n \t<li><span style=\"color: #ffffff;\">Entreprise<\/span><\/li>\r\n \t<li><span style=\"color: #ffffff;\">Secteur d&rsquo;activit\u00e9<\/span><\/li>\r\n \t<li><span style=\"color: #ffffff;\">Activit\u00e9s ou contenu consult\u00e9 sur INNOVATION eCommerce<\/span><\/li>\r\n \t<li><span style=\"color: #ffffff;\">Informations collect\u00e9es automatiquement<\/span><\/li>\r\n \t<li><span style=\"color: #ffffff;\">Informations re\u00e7ues de Tiers<\/span><\/li>\r\n<\/ul>\r\n<h2><span style=\"color: #ffffff;\">5. Comment nous utilisons vos Donn\u00e9es Personnelles<\/span><\/h2>\r\n<span style=\"color: #ffffff;\">Nous utilisons vos Donn\u00e9es Personnelles pour :<\/span>\r\n<ul>\r\n \t<li><span style=\"color: #ffffff;\">Fournir les produits et services d&rsquo;INNOVATION eCommerce<\/span><\/li>\r\n \t<li><span style=\"color: #ffffff;\">R\u00e9pondre \u00e0 vos demandes<\/span><\/li>\r\n \t<li><span style=\"color: #ffffff;\">Communiquer avec vous<\/span><\/li>\r\n \t<li><span style=\"color: #ffffff;\">Am\u00e9liorer nos produits et services<\/span><\/li>\r\n \t<li><span style=\"color: #ffffff;\">D\u00e9velopper de nouveaux services<\/span><\/li>\r\n \t<li><span style=\"color: #ffffff;\">Personnaliser et adapter votre exp\u00e9rience<\/span><\/li>\r\n \t<li><span style=\"color: #ffffff;\">Exploiter notre entreprise<\/span><\/li>\r\n \t<li><span style=\"color: #ffffff;\">Comprendre comment les utilisateurs interagissent avec nous<\/span><\/li>\r\n \t<li><span style=\"color: #ffffff;\">Prot\u00e9ger INNOVATION eCommerce, nos utilisateurs ou d&rsquo;autres<\/span><\/li>\r\n<\/ul>\r\n<h2><span style=\"color: #ffffff;\">6. Qui d&rsquo;autre a acc\u00e8s \u00e0 vos Donn\u00e9es Personnelles<\/span><\/h2>\r\n<span style=\"color: #ffffff;\">Nous ne partageons pas vos Donn\u00e9es Personnelles avec des \u00e9trangers. Les Donn\u00e9es Personnelles vous concernant sont dans certains cas fournies \u00e0 nos partenaires de confiance afin de rendre possible la fourniture du service ou d&rsquo;am\u00e9liorer votre exp\u00e9rience client.<\/span>\r\n\r\n<span style=\"color: #ffffff;\">Nos partenaires de traitement :<\/span>\r\n<ul>\r\n \t<li><span style=\"color: #ffffff;\">Hostwithlove<\/span><\/li>\r\n<\/ul>\r\n<span style=\"color: #ffffff;\">Nos partenaires commerciaux :<\/span>\r\n<ul>\r\n \t<li><span style=\"color: #ffffff;\">Keylime Digital, LLP<\/span><\/li>\r\n<\/ul>\r\n<span style=\"color: #ffffff;\">Tiers connect\u00e9s :<\/span>\r\n<ul>\r\n \t<li style=\"font-weight: 400;\" aria-level=\"1\"><span style=\"color: #ffffff;\"><strong><a style=\"color: #ffffff;\" href=\"https:\/\/analytics.google.com\/\" target=\"_blank\" rel=\"noopener\">Google Analytics<\/a><\/strong><\/span><\/li>\r\n \t<li style=\"font-weight: 400;\" aria-level=\"1\"><span style=\"color: #ffffff;\"><strong><a style=\"color: #ffffff;\" href=\"https:\/\/www.facebook.com\/\" target=\"_blank\" rel=\"noopener\">Facebook<\/a><\/strong><\/span><\/li>\r\n \t<li style=\"font-weight: 400;\" aria-level=\"1\"><span style=\"color: #ffffff;\"><strong><a style=\"color: #ffffff;\" href=\"https:\/\/www.twitter.com\/\" target=\"_blank\" rel=\"noopener\">Twitter<\/a><\/strong><\/span><\/li>\r\n \t<li style=\"font-weight: 400;\" aria-level=\"1\"><span style=\"color: #ffffff;\"><strong><a style=\"color: #ffffff;\" href=\"https:\/\/www.linkedin.com\/\" target=\"_blank\" rel=\"noopener\">LinkedIn<\/a><\/strong><\/span><\/li>\r\n \t<li style=\"font-weight: 400;\" aria-level=\"1\"><span style=\"color: #ffffff;\"><strong><a style=\"color: #ffffff;\" href=\"https:\/\/www.wordpress.com\/\" target=\"_blank\" rel=\"noopener\">WordPress<\/a><\/strong><\/span><\/li>\r\n \t<li style=\"font-weight: 400;\" aria-level=\"1\"><span style=\"color: #ffffff;\"><strong><a style=\"color: #ffffff;\" href=\"https:\/\/zoom.us\/\" target=\"_blank\" rel=\"noopener\">Zoom<\/a><\/strong><\/span><\/li>\r\n \t<li style=\"font-weight: 400;\" aria-level=\"1\"><span style=\"color: #ffffff;\"><strong><a style=\"color: #ffffff;\" href=\"https:\/\/www.convertkit.com\/\" target=\"_blank\" rel=\"noopener\">Convert Kit<\/a><\/strong><\/span><\/li>\r\n \t<li style=\"font-weight: 400;\" aria-level=\"1\"><span style=\"color: #ffffff;\"><strong><a style=\"color: #ffffff;\" href=\"https:\/\/www.gotowebinar.com\/\" target=\"_blank\" rel=\"noopener\">Go to Webinar<\/a><\/strong><\/span><\/li>\r\n<\/ul>\r\n<h2><span style=\"color: #ffffff;\">7. Comment nous s\u00e9curisons vos donn\u00e9es<\/span><\/h2>\r\n<span style=\"color: #ffffff;\">Nous faisons de notre mieux pour garder vos Donn\u00e9es Personnelles en s\u00e9curit\u00e9. Nous utilisons des protocoles s\u00e9curis\u00e9s pour la communication et le transfert de donn\u00e9es (comme HTTPS). Nous utilisons l&rsquo;anonymisation et la pseudonymisation lorsque cela est appropri\u00e9. Nous surveillons nos syst\u00e8mes pour d\u00e9tecter d&rsquo;\u00e9ventuelles vuln\u00e9rabilit\u00e9s et attaques.<\/span>\r\n<h2><span style=\"color: #ffffff;\">8. Cookies et autres technologies que nous utilisons<\/span><\/h2>\r\n<span style=\"color: #ffffff;\">Nous utilisons des cookies et\/ou des technologies similaires pour analyser le comportement des clients, administrer le site web, suivre les mouvements des utilisateurs et collecter des informations sur les utilisateurs. Ceci est fait afin de personnaliser et d&rsquo;am\u00e9liorer votre exp\u00e9rience avec nous.<\/span>\r\n\r\n<span style=\"color: #ffffff;\">Voici les cookies que nous utilisons :<\/span>\r\n<ul>\r\n \t<li><span style=\"color: #ffffff;\"><strong>Politique de cookies<\/strong> \u2013 cookie persistant \u2013 dur\u00e9e de 1 an \u2013 nous d\u00e9finissons ce cookie pour limiter l&rsquo;affichage de la politique de cookies \u00e0 chaque visite de page.<\/span><\/li>\r\n \t<li><span style=\"color: #ffffff;\"><strong>Google Analytics<\/strong> \u2013 cookie persistant \u2013 dur\u00e9e de 2 ans \u2013 Nous utilisons Google Analytics pour am\u00e9liorer l&rsquo;exp\u00e9rience utilisateur sur le site web (vous pouvez vous d\u00e9sinscrire ici).<\/span><\/li>\r\n \t<li><span style=\"color: #ffffff;\"><strong>Cookie de redirection<\/strong> \u2013 cookie persistant \u2013 dur\u00e9e de 1 an \u2013 Nous vous redirigeons vers la langue la mieux adapt\u00e9e au pays depuis lequel vous visitez.<\/span><\/li>\r\n \t<li><span style=\"color: #ffffff;\"><strong>Cookie popup<\/strong> \u2013 cookie persistant \u2013 dur\u00e9e de 1 an \u2013 Nous vous offrons la possibilit\u00e9 d&rsquo;\u00eatre inform\u00e9 des nouveaux contenus et supports marketing.<\/span><\/li>\r\n \t<li><span style=\"color: #ffffff;\"><strong>YouTube<\/strong> \u2013 cookie persistant \u2013 dur\u00e9e de 30 jours \u2013 Nous int\u00e9grons des vid\u00e9os YouTube sur notre site pour vous fournir du mat\u00e9riel \u00e9ducatif suppl\u00e9mentaire.<\/span><\/li>\r\n \t<li><span style=\"color: #ffffff;\"><strong>Hubspot<\/strong> \u2013 cookie persistant \u2013 dur\u00e9e de 2 ans \u2013 Nous utilisons HubSpot comme notre CRM pour suivre les prospects commerciaux.<\/span><\/li>\r\n<\/ul>\r\n<h2><span style=\"color: #ffffff;\">9. Coordonn\u00e9es<\/span><\/h2>\r\n<span style=\"color: #ffffff;\">Si vous avez des questions ou des commentaires concernant cette Politique de Confidentialit\u00e9, ou si vous souhaitez que nous mettions \u00e0 jour les informations que nous avons vous concernant ou vos pr\u00e9f\u00e9rences, veuillez nous contacter par e-mail \u00e0 : hello@mtlecommerce.com<\/span>\r\n\r\n<span style=\"color: #ffffff;\">Vous pouvez \u00e9galement nous \u00e9crire \u00e0 :<\/span>\r\n\r\n<span style=\"color: #ffffff;\">INNOVATION eCommerce<\/span>\r\n<span style=\"color: #ffffff;\">4388 R. Saint-Denis Suite 200 #676<\/span>\r\n<span style=\"color: #ffffff;\">Montr\u00e9al, QC H2J 2L1<\/span>\r\n<h2><span style=\"color: #ffffff;\">Modifications de cette Politique de Confidentialit\u00e9<\/span><\/h2>\r\n<span style=\"color: #ffffff;\">Cette Politique de Confidentialit\u00e9 peut \u00eatre mise \u00e0 jour p\u00e9riodiquement et sans pr\u00e9avis. Nous publierons un avis visible sur notre site Web pour vous informer de tout changement important apport\u00e9 \u00e0 notre Politique de Confidentialit\u00e9 et indiquerons en haut de la Politique de Confidentialit\u00e9 la date de sa derni\u00e8re mise \u00e0 jour.<\/span>\t\t\t\t\t\t\t\t<\/div>\n\t\t\t\t<\/div>\n\t\t\t\t\t<\/div>\n\t\t<\/div>\n\t\t\t\t\t<\/div>\n\t\t<\/section>\n\t\t\t\t<\/div>\n\t\t","protected":false},"excerpt":{"rendered":"<p>Politique de Confidentialit\u00e9 Derni\u00e8re mise \u00e0 jour : 4 octobre 2021 INNOVATION eCommerce s&rsquo;engage \u00e0 prot\u00e9ger votre vie priv\u00e9e. Contactez-nous \u00e0 hello@mtlecommerce.com si vous avez des questions ou des probl\u00e8mes concernant l&rsquo;utilisation de vos Donn\u00e9es Personnelles et nous serons heureux de vous aider. Nous voulons que vous sachiez comment nous collectons, utilisons, partageons, divulguons et [&hellip;]<\/p>\n","protected":false},"author":564,"featured_media":0,"parent":0,"menu_order":0,"comment_status":"closed","ping_status":"closed","template":"full-width.php","meta":{"_acf_changed":false,"footnotes":""},"class_list":["post-36457","page","type-page","status-publish","hentry"],"acf":[],"_links":{"self":[{"href":"https:\/\/mtlecommerce.com\/fr\/wp-json\/wp\/v2\/pages\/36457","targetHints":{"allow":["GET"]}}],"collection":[{"href":"https:\/\/mtlecommerce.com\/fr\/wp-json\/wp\/v2\/pages"}],"about":[{"href":"https:\/\/mtlecommerce.com\/fr\/wp-json\/wp\/v2\/types\/page"}],"author":[{"embeddable":true,"href":"https:\/\/mtlecommerce.com\/fr\/wp-json\/wp\/v2\/users\/564"}],"replies":[{"embeddable":true,"href":"https:\/\/mtlecommerce.com\/fr\/wp-json\/wp\/v2\/comments?post=36457"}],"version-history":[{"count":19,"href":"https:\/\/mtlecommerce.com\/fr\/wp-json\/wp\/v2\/pages\/36457\/revisions"}],"predecessor-version":[{"id":36486,"href":"https:\/\/mtlecommerce.com\/fr\/wp-json\/wp\/v2\/pages\/36457\/revisions\/36486"}],"wp:attachment":[{"href":"https:\/\/mtlecommerce.com\/fr\/wp-json\/wp\/v2\/media?parent=36457"}],"curies":[{"name":"wp","href":"https:\/\/api.w.org\/{rel}","templated":true}]}}